{"id":109,"date":"2024-08-23T12:23:29","date_gmt":"2024-08-23T12:23:29","guid":{"rendered":"https:\/\/holzer.ew-filming.de\/?page_id=109"},"modified":"2026-03-16T14:58:22","modified_gmt":"2026-03-16T14:58:22","slug":"impressum","status":"publish","type":"page","link":"https:\/\/holzer-gruppe.com\/en\/impressum\/","title":{"rendered":"Legal notice"},"content":{"rendered":"<div data-elementor-type=\"wp-page\" data-elementor-id=\"109\" class=\"elementor elementor-109\" data-elementor-post-type=\"page\">\n\t\t\t\t<div class=\"elementor-element elementor-element-82f59c7 e-flex e-con-boxed e-con e-parent\" data-id=\"82f59c7\" data-element_type=\"container\" data-e-type=\"container\" data-settings=\"{&quot;background_background&quot;:&quot;classic&quot;}\">\n\t\t\t\t\t<div class=\"e-con-inner\">\n\t\t\t\t<div class=\"elementor-element elementor-element-1f3f0d2 elementor-widget elementor-widget-heading\" data-id=\"1f3f0d2\" data-element_type=\"widget\" data-e-type=\"widget\" data-widget_type=\"heading.default\">\n\t\t\t\t\t<h2 class=\"elementor-heading-title elementor-size-default\">Legal notice<\/h2>\t\t\t\t<\/div>\n\t\t\t\t\t<\/div>\n\t\t\t\t<\/div>\n\t\t<div class=\"elementor-element elementor-element-dc6d277 e-flex e-con-boxed e-con e-parent\" data-id=\"dc6d277\" data-element_type=\"container\" data-e-type=\"container\">\n\t\t\t\t\t<div class=\"e-con-inner\">\n\t\t\t\t<div class=\"elementor-element elementor-element-94ba3d8 elementor-widget elementor-widget-text-editor\" data-id=\"94ba3d8\" data-element_type=\"widget\" data-e-type=\"widget\" data-widget_type=\"text-editor.default\">\n\t\t\t\t\t\t\t\t\t<div id=\"tabs-wrapper\" class=\"clearfix\"><p>Information pursuant to Section 5 of the German Telemedia Act (TMG)<\/p><p><strong>Operator and Contact:<\/strong><\/p><p>Performance GmbH<\/p><p>Gutenbergstr. 21<br \/>86399 Bobingen<\/p><p>Phone: \u00a0<a href=\"tel:+49823496960\">+49 8234 9696-0<\/a><br \/>Fax: <a href=\"tel:+4982349696249\">+49 8234 9696-249<\/a><br \/>Email address: <a title=\"mailto:info@holzer-gruppe.com\" href=\"mailto:info@holzer-gruppe.com\" data-outlook-id=\"a7ad83f5-4903-4368-afc1-d937a7c3bb66\">info@holzer-gruppe.com<\/a><\/p><p><strong>Representation:<\/strong><br \/>Performance GmbH is represented by G\u00fcnther Holzer<br \/>Register and registration number: Augsburg Commercial Register <strong>HRB<\/strong> 17582<\/p><p><strong>VAT ID:<\/strong><br \/>DE 209 102 616<\/p><p><strong>Competent supervisory authority:<\/strong><\/p><p>Bavaria Regional Office of the Federal Employment Agency<br \/>Regensburger Str. 100<br \/>90478 N\u00fcrnberg<\/p><p><strong>Person responsible for journalistic and editorial content pursuant to Section 55(2) of the Interstate Broadcasting Treaty (RstV):<\/strong><br \/>Performance GmbH Gutenbergstr. 21 86399 Bobingen<\/p><p><strong>Images and graphics:<\/strong><\/p><p>Performance GmbH holds the rights to use the graphics and images featured on this website. Source information for the images and graphics used:<\/p><p><a title=\"http:\/\/www.istockphoto.com\/\" href=\"http:\/\/www.istockphoto.com\/\" data-outlook-id=\"bc671c5d-229c-4a07-a2f2-3055e27438e8\" target=\"_blank\" rel=\"noopener\">http:\/\/www.istockphoto.com\/<\/a><\/p><p><a title=\"https:\/\/www.shutterstock.com\/de\/\" href=\"https:\/\/www.shutterstock.com\/de\/\" data-outlook-id=\"21446ae3-cfe2-43f6-a5ca-b5777d511633\" target=\"_blank\" rel=\"noopener\">https:\/\/www.shutterstock.com\/de\/<\/a><\/p><p>Peter Derbsch (various project photos)<\/p><p>Thomas Holzer (various project photos)<\/p><p><b>Acknowledgments<\/b><\/p><p>We continued to receive support in developing the Holzer Group\u2019s website from <a href=\"https:\/\/backblend.de\" target=\"_blank\" rel=\"noopener\">Backblend GbR<\/a>, represented by Fabian Erdt and Niklas Wiegand, as well as Mr. Patrick Funk (Performance GmbH).<\/p><p>Thank you very much.<\/p><\/div><div class=\"region region-content\"><div id=\"block-system-main\" class=\"block block-system\"><div class=\"content\"><div id=\"node-1\" class=\"node node-page\"><div class=\"content clearfix\"><div class=\"field field-name-body field-type-text-with-summary field-label-hidden\"><div class=\"field-items\"><div class=\"field-item even\">\u00a0<\/div><\/div><\/div><\/div><\/div><\/div><\/div><\/div>\t\t\t\t\t\t\t\t<\/div>\n\t\t\t\t\t<\/div>\n\t\t\t\t<\/div>\n\t\t\t\t<\/div>","protected":false},"excerpt":{"rendered":"<p>Impressum Angaben gem. \u00a7 5 TMG Betreiber und Kontakt: Performance GmbH Gutenbergstr. 2186399 Bobingen Tel: \u00a0+49 8234 9696-0Fax: +49 8234 9696-249E-Mail-Adresse: info@holzer-gruppe.com Vertretung:Performance GmbH wird vertreten durch G\u00fcnther HolzerRegister und Registernummer: Handels-Register Augsburg HRB 17582 Umsatzsteuer-ID:DE 209 102 616 zust\u00e4ndige Aufsichtsbeh\u00f6rde: Regionaldirektion Bayern der Bundesagentur f\u00fcr ArbeitRegensburger Str. 10090478 N\u00fcrnberg Verantwortlicher f\u00fcr journalistisch-redaktionelle Inhalte gem. [&hellip;]<\/p>\n","protected":false},"author":1,"featured_media":0,"parent":0,"menu_order":0,"comment_status":"closed","ping_status":"closed","template":"","meta":{"footnotes":""},"class_list":["post-109","page","type-page","status-publish","hentry"],"_links":{"self":[{"href":"https:\/\/holzer-gruppe.com\/en\/wp-json\/wp\/v2\/pages\/109","targetHints":{"allow":["GET"]}}],"collection":[{"href":"https:\/\/holzer-gruppe.com\/en\/wp-json\/wp\/v2\/pages"}],"about":[{"href":"https:\/\/holzer-gruppe.com\/en\/wp-json\/wp\/v2\/types\/page"}],"author":[{"embeddable":true,"href":"https:\/\/holzer-gruppe.com\/en\/wp-json\/wp\/v2\/users\/1"}],"replies":[{"embeddable":true,"href":"https:\/\/holzer-gruppe.com\/en\/wp-json\/wp\/v2\/comments?post=109"}],"version-history":[{"count":0,"href":"https:\/\/holzer-gruppe.com\/en\/wp-json\/wp\/v2\/pages\/109\/revisions"}],"wp:attachment":[{"href":"https:\/\/holzer-gruppe.com\/en\/wp-json\/wp\/v2\/media?parent=109"}],"curies":[{"name":"wp","href":"https:\/\/api.w.org\/{rel}","templated":true}]}}