{"id":114,"date":"2024-08-23T12:23:54","date_gmt":"2024-08-23T12:23:54","guid":{"rendered":"https:\/\/holzer.ew-filming.de\/?page_id=114"},"modified":"2026-03-16T14:57:39","modified_gmt":"2026-03-16T14:57:39","slug":"datenschutz","status":"publish","type":"page","link":"https:\/\/holzer-gruppe.com\/en\/datenschutz\/","title":{"rendered":"Data protection"},"content":{"rendered":"<div data-elementor-type=\"wp-page\" data-elementor-id=\"114\" class=\"elementor elementor-114\" data-elementor-post-type=\"page\">\n\t\t\t\t<div class=\"elementor-element elementor-element-90ffafe e-flex e-con-boxed e-con e-parent\" data-id=\"90ffafe\" data-element_type=\"container\" data-e-type=\"container\" data-settings=\"{&quot;background_background&quot;:&quot;classic&quot;}\">\n\t\t\t\t\t<div class=\"e-con-inner\">\n\t\t\t\t<div class=\"elementor-element elementor-element-3afb26d elementor-widget elementor-widget-heading\" data-id=\"3afb26d\" data-element_type=\"widget\" data-e-type=\"widget\" data-widget_type=\"heading.default\">\n\t\t\t\t\t<h2 class=\"elementor-heading-title elementor-size-default\">Data protection<\/h2>\t\t\t\t<\/div>\n\t\t\t\t<div class=\"elementor-element elementor-element-6c38458 elementor-widget elementor-widget-heading\" data-id=\"6c38458\" data-element_type=\"widget\" data-e-type=\"widget\" data-widget_type=\"heading.default\">\n\t\t\t\t\t<h2 class=\"elementor-heading-title elementor-size-default\">Information Security<\/h2>\t\t\t\t<\/div>\n\t\t\t\t\t<\/div>\n\t\t\t\t<\/div>\n\t\t<div class=\"elementor-element elementor-element-c696706 e-flex e-con-boxed e-con e-parent\" data-id=\"c696706\" data-element_type=\"container\" data-e-type=\"container\">\n\t\t\t\t\t<div class=\"e-con-inner\">\n\t\t\t\t<div class=\"elementor-element elementor-element-c347f3f elementor-widget elementor-widget-text-editor\" data-id=\"c347f3f\" data-element_type=\"widget\" data-e-type=\"widget\" data-widget_type=\"text-editor.default\">\n\t\t\t\t\t\t\t\t\t<div id=\"tabs-wrapper\" class=\"clearfix\"><h1 class=\"with-tabs\"><strong style=\"font-family: -apple-system, BlinkMacSystemFont, 'Segoe UI', Roboto, 'Helvetica Neue', Arial, 'Noto Sans', sans-serif, 'Apple Color Emoji', 'Segoe UI Emoji', 'Segoe UI Symbol', 'Noto Color Emoji'; font-size: 16px;\"><em>(Last updated: February 21, 2019)<\/em><\/strong><\/h1><\/div><div class=\"region region-content\"><div id=\"block-system-main\" class=\"block block-system\"><div class=\"content\"><div id=\"node-33\" class=\"node node-page\"><div class=\"content clearfix\"><div class=\"field field-name-body field-type-text-with-summary field-label-hidden\"><div class=\"field-items\"><div class=\"field-item even\"><p><strong>1. Name and contact information of the data controller and the company\u2019s data protection officer<\/strong><\/p><p>This privacy notice applies to data processing by:<\/p><p>Responsible:<\/p><p><strong>Performance GmbH,<\/strong><\/p><p><strong>Gutenbergstr. 21,<\/strong><\/p><p><strong>86399 Bobingen,<\/strong><\/p><p><strong>represented by Managing Director G\u00fcnther Holzer<\/strong><\/p><p><a href=\"mailto:info@holzer-gruppe.com\">info@holzer-gruppe.com<\/a><\/p><p>The external data protection officer at Performance GmbH can be contacted as follows:<\/p><p><a href=\"mailto:Datenschutz@holzer-gruppe.com\">Datenschutz@holzer-gruppe.com<\/a><\/p><p>The external data protection officer at Performance GmbH can be contacted as follows:<\/p><p><a href=\"mailto:ISB@holzer-gruppe.com\">ISB@holzer-gruppe.com<\/a><\/p><p><strong>2. Collection and storage of personal data, as well as the nature and purpose of its use:<\/strong><\/p><p><strong>a) When visiting the website<\/strong><\/p><p>When you visit our website\u00a0<a href=\"https:\/\/holzer-gruppe.com\/en\/\">www.holzer-gruppe.com<\/a>\u00a0The browser used on your device automatically sends information to our website\u2019s server. This information is temporarily stored in a log file. The following information is collected automatically and stored until it is automatically deleted:<\/p><ul><li><p>IP address of the requesting computer,<\/p><\/li><li><p>Date and time of access,<\/p><\/li><li><p>Name and URL of the file accessed,<\/p><\/li><li><p>The website from which the access originates (referrer URL),<\/p><\/li><li><p>the browser you are using and, if applicable, your computer's operating system, as well as the name of your internet service provider.<\/p><\/li><\/ul><p>We process the data provided for the following purposes:<\/p><ul><li><p>Ensuring that the website loads smoothly,<\/p><\/li><li><p>To ensure a comfortable user experience on our website,<\/p><\/li><li><p>Assessment of system security and stability, as well as<\/p><\/li><li><p>for other administrative purposes.<\/p><\/li><\/ul><p>The legal basis for data processing is Article 6(1)(f) of the GDPR. Our legitimate interest stems from the purposes of data collection listed above. Under no circumstances do we use the collected data for the purpose of drawing conclusions about your identity. In addition, we use cookies and analytics services when you visit our website. You can find further details on this in Sections 5 and 6 of this Privacy Policy.<\/p><p><strong>b) When using our contact form<\/strong><\/p><p>If you have any questions, we offer you the option of contacting us via a form provided on the website. You must provide a valid email address so that we know who sent the inquiry and can respond to it. Additional information may be provided voluntarily. Data processing for the purpose of contacting us is carried out in accordance with Article 6(1)(a) of the GDPR based on your voluntary consent. The personal data we collect through the use of the contact form will be automatically deleted once your inquiry has been resolved.<\/p><p><strong>3. Sharing of Data<\/strong><\/p><p>We will not disclose your personal data to third parties for any purpose other than those listed below. We will only disclose your personal data to third parties if:<\/p><ul><li><p>You have given your explicit consent to this in accordance with Article 6(1)(a) of the GDPR<\/p><\/li><li><p>the disclosure is necessary pursuant to Article 6(1)(f) of the GDPR for the establishment, exercise, or defense of legal claims, and there is no reason to believe that you have an overriding legitimate interest in preventing the disclosure of your data,<\/p><\/li><li><p>in the event that there is a legal obligation to disclose such information pursuant to Article 6(1)(c) of the GDPR, as well as<\/p><\/li><li><p>this is permitted by law and is necessary for the performance of contractual relationships with you pursuant to Article 6(1)(b) of the GDPR.<\/p><\/li><\/ul><p><strong>4. Unsolicited applications<\/strong><\/p><p>We welcome you to send us your unsolicited application. Please use our application portal via the following link:\u00a0<a href=\"https:\/\/holzerhcm.hr4you.org\/application\/applicantRegisterCvAnalyzerGenerator\/upload\/0\" target=\"_blank\" rel=\"noopener\">HOLZER Unsolicited Application<\/a><\/p><p>Please also refer to our partners' privacy policies\u00a0<a href=\"https:\/\/www.hr4you.de\/datenschutz\/\" target=\"_blank\" rel=\"noopener\">https:\/\/www.hr4you.de\/datenschutz\/<\/a><\/p><p><strong>a) When using our contact form<\/strong><\/p><p>To submit an application, we offer you the option of using the contact form provided on the website. You must provide a valid email address so that we know who sent the inquiry and can respond to it. Additional information may be provided voluntarily. Data processing for the purpose of contacting us is carried out in accordance with Article 6(1)(a) of the GDPR based on your voluntary consent. The personal data we collect through the use of the contact form will be automatically deleted once your inquiry has been processed.<\/p><p><strong>b) Submission via email<\/strong><\/p><p>Please ensure that the communication channel you choose is sufficiently secure. We do not recommend sending an email without an appropriate encryption method, as your data could then be easily read and used by unauthorized persons while in transit. If you would like to send us an encrypted email containing your application materials, please use only the email address\u00a0<u><a href=\"mailto:bewerbungen@holzer-gruppe.com\">bewerbungen@holzer-gruppe.com<\/a><\/u>.<\/p><p><strong>5. Cookies<\/strong><\/p><p>We use cookies on our website. These are small files that your browser automatically creates and stores on your device (laptop, tablet, smartphone, etc.) when you visit our website. Cookies do not cause any damage to your device and do not contain viruses, Trojans, or other malware. The cookie stores information that is specific to the device you are using. However, this does not mean that we thereby gain direct knowledge of your identity. The use of cookies serves, on the one hand, to make the use of our website more convenient for you. For example, we use so-called session cookies to recognize that you have already visited individual pages of our website. These are automatically deleted when you leave our site. In addition, we also use temporary cookies to optimize user-friendliness, which are stored on your device for a specific, predetermined period of time. If you visit our site again to use our services, the system automatically recognizes that you have previously visited us and recalls the entries and settings you made, so you do not have to re-enter them. On the other hand, we use cookies to collect statistical data on the use of our website and to evaluate this data for the purpose of optimizing our services for you (see Section 5). These cookies allow us to automatically recognize that you have visited our site before when you return. These cookies are automatically deleted after a predefined period of time. The data processed by cookies is necessary for the purposes mentioned to safeguard our legitimate interests and those of third parties in accordance with Article 6(1)(f) of the GDPR. Most browsers automatically accept cookies. However, you can configure your browser so that no cookies are stored on your computer or so that a notification always appears before a new cookie is created. However, completely disabling cookies may prevent you from using all the features of our website.<\/p><p><strong>6. Google Analytics<\/strong><\/p><p>In order to tailor our website to user needs and continuously optimize it, we use Google Analytics, a web analytics service provided by Google Inc. (<a href=\"https:\/\/www.google.de\/intl\/de\/about\/\" target=\"_blank\" rel=\"noopener\">https:\/\/www.google.de\/intl\/de\/about\/<\/a>) (1600 Amphitheatre Parkway, Mountain View, CA 94043, USA; hereinafter \u201cGoogle\u201d). The needs-based design and ongoing optimization constitute a legitimate interest within the meaning of Art. 6(1)(f) of the GDPR.<\/p><p>In this context, pseudonymized user profiles are created and cookies (see Section 4) are used. The information generated by the cookie regarding your use of this website, such as<\/p><p>\u2022 Browser type\/version,<\/p><p>\u2022 operating system used,<\/p><p>\u2022 Referrer URL (the previously visited page),<\/p><p>\u2022 Hostname of the accessing computer (IP address),<\/p><p>\u2022 Time of the server request,<\/p><p>are transmitted to a Google server in the United States and stored there. The information is used to evaluate the use of the website, to compile reports on website activity, and to provide other services related to website and internet usage for the purposes of market research and to tailor the design of these web pages to user needs. This information may also be transferred to third parties where required by law or where such third parties process the data on Google\u2019s behalf. Under no circumstances will your IP address be merged with other data held by Google. IP addresses are anonymized so that they cannot be linked to specific individuals (IP masking). You can prevent the installation of cookies by adjusting your browser settings accordingly; however, we would like to point out that in this case, you may not be able to use all functions of this website to their full extent. You can also prevent the collection of data generated by the cookie and related to your use of the website (including your IP address) as well as the processing of this data by Google by downloading and installing a browser add-on (<a href=\"https:\/\/tools.google.com\/dlpage\/gaoptout?hl=de\" target=\"_blank\" rel=\"noopener\">https:\/\/tools.google.com\/dlpage\/gaoptout?hl=de<\/a>). As an alternative to the browser add-on, particularly for browsers on mobile devices, you can also prevent data collection by Google Analytics by clicking this link. An opt-out cookie will be set to prevent the future collection of your data when you visit this website. The opt-out cookie applies only to this browser and only to our website, and is stored on your device. If you delete the cookies in this browser, you must set the opt-out cookie again. For more information on data protection in connection with Google Analytics, please refer to the Google Analytics Help (<a href=\"https:\/\/support.google.com\/analytics\/answer\/6004245?hl=de\" target=\"_blank\" rel=\"noopener\">https:\/\/support.google.com\/analytics\/answer\/6004245?hl=de<\/a>).<\/p><p><strong>7. Google AdSense<\/strong><\/p><p>This website uses Google AdSense, a service provided by Google Inc. (\u201cGoogle\u201d) for displaying advertisements. The provider is Google Inc., 1600 Amphitheatre Parkway, Mountain View, CA 94043, USA.<\/p><p>Google AdSense uses so-called \u201ccookies,\u201d which are text files stored on your computer that enable an analysis of how the website is used. Google AdSense also uses so-called web beacons (invisible images). These web beacons allow information such as visitor traffic on these pages to be analyzed.<\/p><p>The information generated by cookies and web beacons regarding the use of this website (including your IP address) and the delivery of advertising formats is transmitted to a Google server in the United States and stored there. This information may be shared by Google with its contractual partners. However, Google will not associate your IP address with any other data it holds about you.<\/p><p>You can prevent cookies from being installed by adjusting your browser settings accordingly; however, please note that in this case you may not be able to use all features of this website to their full extent. By using this website, you consent to the processing of data collected about you by Google in the manner described above and for the purpose stated above.<\/p><p><strong>8. Social Media Plug-ins<\/strong><\/p><p>We use social plugins from the social networks Facebook, Twitter, and Instagram on our website in accordance with Article 6(1)(f) of the GDPR to raise awareness of our company. The underlying promotional purpose is to be regarded as a legitimate interest within the meaning of the GDPR. The respective providers are responsible for ensuring that these plug-ins are operated in compliance with data protection regulations. We integrate these plug-ins using the so-called two-click method to provide the best possible protection for visitors to our website.<\/p><p><strong>a) Facebook<\/strong><\/p><p>Our website uses Facebook social media plugins to enhance your user experience. We use the \u201cLIKE\u201d or \u201cSHARE\u201d buttons for this purpose. These plugins are provided by Facebook. When you visit a page on our website that contains such a plugin, your browser establishes a direct connection to Facebook\u2019s servers. The content of the plug-in is transmitted directly from Facebook to your browser and integrated into the website by your browser. By integrating the plugins, Facebook receives the information that your browser has accessed the corresponding page of our website, even if you do not have a Facebook account or are not currently logged in to Facebook. This information (including your IP address) is transmitted directly from your browser to a Facebook server in the U.S. and stored there. If you are logged into Facebook, Facebook can directly associate your visit to our website with your Facebook account. If you interact with the plugins, for example by clicking the \u201cLIKE\u201d or \u201cSHARE\u201d button, the corresponding information is also transmitted directly to a Facebook server and stored there. The information is also published on Facebook and displayed to your Facebook friends.<\/p><p>Facebook may use this information for advertising, market research, and to tailor the design of Facebook pages to user needs. To this end, Facebook creates usage, interest, and relationship profiles, for example, to analyze your use of our website in relation to the ads displayed to you on Facebook, to inform other Facebook users about your activities on our website, and to provide other services related to the use of Facebook. If you do not want Facebook to associate the data collected via our website with your Facebook account, you must log out of Facebook before visiting our website. For information on the purpose and scope of data collection, as well as the further processing and use of the data by Facebook, and your rights and settings options regarding the protection of your privacy, please refer to the privacy policy (<a href=\"https:\/\/www.facebook.com\/about\/privacy\/\" target=\"_blank\" rel=\"noopener\">https:\/\/www.facebook.com\/about\/privacy\/<\/a>) from Facebook.<\/p><p><strong>b) Twitter<\/strong><\/p><p>Our website incorporates plugins from the Twitter Inc. (Twitter) microblogging network. You can recognize the Twitter plugins (tweet buttons) by the Twitter logo on our site. You can find an overview of tweet buttons here (<a href=\"https:\/\/about.twitter.com\/resources\/buttons\" target=\"_blank\" rel=\"noopener\">https:\/\/about.twitter.com\/resources\/buttons<\/a>). When you visit a page on our website that contains such a plugin, a direct connection is established between your browser and the Twitter server. This informs Twitter that you have visited our site using your IP address. If you click the Twitter \u201cTweet\u201d button while logged into your Twitter account, you can link the content of our pages to your Twitter profile. This allows Twitter to associate your visit to our pages with your user account. Please note that as the provider of these pages, we have no<\/p><p>You will be informed of the content of the transmitted data and its use by Twitter. If you do not want Twitter to be able to associate your visit to our site with your Twitter account, please log out of your Twitter account. For more information, please refer to Twitter\u2019s Privacy Policy (<a href=\"https:\/\/twitter.com\/privacy\" target=\"_blank\" rel=\"noopener\">https:\/\/twitter.com\/privacy<\/a>).<\/p><p><strong>c) XING<\/strong><\/p><p>Our website also uses the \u201cShare\u201d feature of the XING network. The provider is XING AG, Dammtorstra\u00dfe 29-32, 20354 Hamburg, Germany. If you click the XING \u201cShare\u201d button (plug-in), you will\u2014provided you are logged into your XING user account\u2014be redirected to your user account in a separate browser window and can share the electronic publication posted on our website by adding a comment. The plug-in establishes a direct connection between your browser and the XING server. As a result, XING receives the information that you have visited our website using your IP address. Please note that we have no knowledge of the content of the transmitted (personal) data or its use by XING. For more information, please refer to XING\u2019s privacy policy at:\u00a0<a href=\"https:\/\/www.xing.com\/app\/share?op=data_protection\" target=\"_blank\" rel=\"noopener\">https:\/\/www.xing.com\/app\/share?op=data_protection<\/a>.<\/p><p><strong>d) Google +1<\/strong><\/p><p>Our websites use the so-called \u201c+1\u201d buttons from the Google+ social network. This service is operated by Google Inc., 1600 Amphitheatre Parkway, Mountain View, CA 94043, United States. When you visit our website and click on this button, a direct connection is established between Google Inc.\u2019s servers and your browser. Unfortunately, we have no influence over the scope of data that Google Inc. collects via the \u201c+1\u201d button. According to its own statements, Google Inc. does not collect any personal data as long as the \u201c+1\u201d button is not clicked. Such personal data, as well as the IP address, is collected and processed only from website visitors who are logged in to their Google+ account at the same time. For further information on the purposes and scope of data collection, as well as options for protecting your privacy, please refer to Google Inc.\u2019s privacy policy at:\u00a0<a href=\"http:\/\/www.google.com\/int\/de\/+\/policy\/+1button.html\" target=\"_blank\" rel=\"noopener\">http:\/\/www.google.com\/int\/de\/+\/policy\/+1button.html<\/a>\u00a0If, as a Google+ member, you do not want Google Inc. to collect data from you on our website and associate it with your user account, we recommend that you log out of your Google+ account before using our website.<\/p><p><strong>9. Data Subject Rights<\/strong><\/p><p>You have the right to:<\/p><ul><li><p>pursuant to Article 15 of the GDPR, to request information about your personal data that we process. In particular, you may request information regarding the purposes of processing, the categories of personal data, the categories of recipients to whom your data has been or will be disclosed, the planned retention period, the existence of a right to rectification, erasure, restriction of processing, or objection, the existence of a right to lodge a complaint, the origin of your data if it was not collected by us, as well as information regarding the existence of automated decision-making, including profiling, and, where applicable, meaningful information regarding its details;<\/p><\/li><li><p>in accordance with Article 16 of the GDPR, to request the immediate rectification of inaccurate personal data or the completion of your personal data stored by us;<\/p><\/li><li><p>to request the erasure of your personal data stored by us in accordance with Article 17 of the GDPR, unless the processing is necessary for the exercise of the right to freedom of expression and information, for compliance with a legal obligation, for reasons of public interest, or for the establishment, exercise, or defense of legal claims;<\/p><\/li><li><p>to request the restriction of the processing of your personal data pursuant to Article 18 of the GDPR, provided that you contest the accuracy of the data, the processing is unlawful but you oppose its erasure and we no longer need the data, but you require it for the establishment, exercise, or defense of legal claims, or you have objected to the processing pursuant to Article 21 of the GDPR;<\/p><\/li><li><p>in accordance with Article 20 of the GDPR, to receive the personal data you have provided to us in a structured, commonly used, and machine-readable format, or to request that it be transmitted to another controller;<\/p><\/li><li><p>pursuant to Article 7(3) of the GDPR, to withdraw your consent at any time. As a result, we may no longer continue processing the data based on this consent in the future, and<\/p><\/li><li><p>to lodge a complaint with a supervisory authority in accordance with Article 77 of the GDPR. As a general rule, you may contact the supervisory authority in your usual place of residence, your place of work, or the location of our company headquarters.<\/p><\/li><\/ul><p><strong>10. Right to Object<\/strong><\/p><p>If your personal data is processed on the basis of legitimate interests pursuant to Article 6(1)(f) of the GDPR, you have the right, pursuant to Article 21 of the GDPR, to object to the processing of your personal data, provided there are grounds arising from your particular situation or the objection relates to direct marketing. In the latter case, you have a general right to object, which we will honor without requiring you to specify a particular situation. If you wish to exercise your right of withdrawal or objection, simply send an email to\u00a0<a id=\"_Hlk518467084\" name=\"_Hlk518467084\"><\/a><a href=\"mailto:Datenschutz@holzer-gruppe.com\">Datenschutz@holzer-gruppe.com<\/a><\/p><p><strong>11. Data Security<\/strong><\/p><p>During your visit to our website, we use the widely adopted SSL (Secure Sockets Layer) protocol in conjunction with the highest encryption level supported by your browser. This is typically 256-bit encryption. If your browser does not support 256-bit encryption, we will use 128-bit v3 technology instead. You can tell whether a specific page on our website is being transmitted securely by the closed appearance of the key or lock icon in the status bar at the bottom of your browser.<\/p><p>We also employ appropriate technical and organizational security measures to protect your data against accidental or intentional manipulation, partial or complete loss, destruction, or unauthorized access by third parties. Our security measures are continuously improved in line with technological advancements.<\/p><p><strong>12. Validity and Changes to This Privacy Policy<\/strong><\/p><p>This Privacy Policy is currently in effect and was last updated in February 2019. Due to ongoing developments to our website and the services offered through it, or due to changes in legal or regulatory requirements, it may become necessary to amend this Privacy Policy. The most current version of the Privacy Policy is available at any time on the website at\u00a0<a href=\"https:\/\/www.holzer-gruppe.com\/de\/datenschutzerkl%C3%A4rung\">https:\/\/www.holzer-gruppe.com\/de\/datenschutzerkl%C3%A4rung<\/a>\u00a0can be viewed.<\/p><\/div><\/div><\/div><\/div><\/div><\/div><\/div><\/div>\t\t\t\t\t\t\t\t<\/div>\n\t\t\t\t\t<\/div>\n\t\t\t\t<\/div>\n\t\t\t\t<\/div>","protected":false},"excerpt":{"rendered":"<p>Datenschutz Informationssicherheit (letzte Aktualisierung: 21.02.2019) 1. Name und Kontaktdaten des f\u00fcr die Verarbeitung Verantwortlichen sowie des betrieblichen Datenschutzbeauftragten Diese Datenschutz-Information gilt f\u00fcr die Datenverarbeitung durch: Verantwortlicher: Performance GmbH, Gutenbergstr. 21, 86399 Bobingen, vertreten durch den Gesch\u00e4ftsf\u00fchrer G\u00fcnther Holzer info@holzer-gruppe.com Der externe Datenschutzbeauftragte der Performance GmbH ist wie folgt zu erreichen: Datenschutz@holzer-gruppe.com Der Informationssicherheitsbeauftragte der Performance [&hellip;]<\/p>\n","protected":false},"author":1,"featured_media":0,"parent":0,"menu_order":0,"comment_status":"closed","ping_status":"closed","template":"","meta":{"footnotes":""},"class_list":["post-114","page","type-page","status-publish","hentry"],"_links":{"self":[{"href":"https:\/\/holzer-gruppe.com\/en\/wp-json\/wp\/v2\/pages\/114","targetHints":{"allow":["GET"]}}],"collection":[{"href":"https:\/\/holzer-gruppe.com\/en\/wp-json\/wp\/v2\/pages"}],"about":[{"href":"https:\/\/holzer-gruppe.com\/en\/wp-json\/wp\/v2\/types\/page"}],"author":[{"embeddable":true,"href":"https:\/\/holzer-gruppe.com\/en\/wp-json\/wp\/v2\/users\/1"}],"replies":[{"embeddable":true,"href":"https:\/\/holzer-gruppe.com\/en\/wp-json\/wp\/v2\/comments?post=114"}],"version-history":[{"count":0,"href":"https:\/\/holzer-gruppe.com\/en\/wp-json\/wp\/v2\/pages\/114\/revisions"}],"wp:attachment":[{"href":"https:\/\/holzer-gruppe.com\/en\/wp-json\/wp\/v2\/media?parent=114"}],"curies":[{"name":"wp","href":"https:\/\/api.w.org\/{rel}","templated":true}]}}